{"id":224,"date":"2025-12-01T21:48:29","date_gmt":"2025-12-01T21:48:29","guid":{"rendered":"https:\/\/hervecohen.com\/?page_id=224"},"modified":"2025-12-13T07:53:21","modified_gmt":"2025-12-13T07:53:21","slug":"current-projects","status":"publish","type":"page","link":"https:\/\/hervecohen.com\/?page_id=224","title":{"rendered":"Projets en cours"},"content":{"rendered":"\n<p class=\"has-foreground-color has-text-color has-link-color wp-elements-c3052bb15e908f2cd94d88b770b3b0e3\" style=\"font-size:clamp(1.198rem, 1.198rem + ((1vw - 0.2rem) * 1.652), 1.9rem);\"><em>Current projects<\/em><\/p>\n\n\n\n<hr class=\"wp-block-separator has-alpha-channel-opacity\"\/>\n\n\n\n<p class=\"has-primary-color has-text-color has-link-color has-small-font-size wp-elements-805b66ae4c020d066f024d8d5209be38\"><strong>&gt; Cette Petite Chanson&nbsp;<\/strong>(Doc. en d\u00e9veloppement) \u2013&nbsp;<em><strong>This Little Song<\/strong>&nbsp;(Doc. in development)<\/em>. La Huit Production\/BelleMoon Productions. Laur\u00e9at de la Bourse d\u2019Ecriture de la R\u00e9gion Sud (en partenariat avec le CNC).<\/p>\n\n\n\n<figure class=\"wp-block-embed is-type-video is-provider-vimeo wp-block-embed-vimeo wp-embed-aspect-16-9 wp-has-aspect-ratio\"><div class=\"wp-block-embed__wrapper\">\n<iframe loading=\"lazy\" title=\"This Little Song - 2 min trailer\" src=\"https:\/\/player.vimeo.com\/video\/965873979?h=5e9ccbeb42&amp;dnt=1&amp;app_id=122963\" width=\"500\" height=\"281\" frameborder=\"0\" allow=\"autoplay; fullscreen; picture-in-picture; clipboard-write; encrypted-media; web-share\" referrerpolicy=\"strict-origin-when-cross-origin\"><\/iframe>\n<\/div><\/figure>\n\n\n\n<p class=\"has-vivid-cyan-blue-color has-text-color has-link-color has-small-font-size wp-elements-851a749199439e8136711ff0fcf98759\">Inspir\u00e9 par le vague souvenir d\u2019une m\u00e9lodie d\u2019enfance chant\u00e9e en arabe par ma grand-m\u00e8re juive, j\u2019entreprends un voyage \u00e0 travers l\u2019Alg\u00e9rie de mes anc\u00eatres, \u00e0 la recherche de cette chanson perdue. Sur mon chemin, \u00e0 travers mes rencontres, je tisse des liens avec le pays de mes origines et ravive la m\u00e9moire oubli\u00e9e d\u2019une \u00e9poque o\u00f9 Juifs et Musulmans partageaient une terre, une histoire, un patrimoine musical et bien d\u2019autres choses.&nbsp;<\/p>\n\n\n\n<p class=\"has-vivid-cyan-blue-color has-text-color has-link-color has-small-font-size wp-elements-fef8cb1468ac7f96293e347357af1a45\"><em>When a filmmaker sets out to recover a lost childhood melody, he opens a door into Algeria\u2019s erased Jewish past and its deep, intertwined cultural traditions.&nbsp;<\/em><\/p>\n\n\n\n<hr class=\"wp-block-separator has-alpha-channel-opacity\"\/>\n\n\n\n<p class=\"has-primary-color has-text-color has-link-color has-small-font-size wp-elements-0dcf785fcf2673dba6fd301c3497fdbd\"><\/p>\n\n\n\n<p class=\"has-vivid-cyan-blue-color has-text-color has-link-color has-small-font-size wp-elements-56741ec4bfc659267e5b8697f8561f89\"><\/p>\n","protected":false},"excerpt":{"rendered":"<p>Current projects &gt; Cette Petite Chanson&nbsp;(Doc. en d\u00e9veloppement) \u2013&nbsp;This Little Song&nbsp;(Doc. in development). La Huit Production\/BelleMoon Productions. Laur\u00e9at de la Bourse d\u2019Ecriture de la R\u00e9gion Sud (en partenariat avec le CNC). Inspir\u00e9 par le vague souvenir d\u2019une m\u00e9lodie d\u2019enfance chant\u00e9e en arabe par ma grand-m\u00e8re juive, j\u2019entreprends un voyage \u00e0 travers l\u2019Alg\u00e9rie de mes anc\u00eatres, [&hellip;]<\/p>\n","protected":false},"author":1,"featured_media":0,"parent":0,"menu_order":0,"comment_status":"closed","ping_status":"closed","template":"","meta":{"footnotes":""},"class_list":["post-224","page","type-page","status-publish","hentry"],"_links":{"self":[{"href":"https:\/\/hervecohen.com\/index.php?rest_route=\/wp\/v2\/pages\/224","targetHints":{"allow":["GET"]}}],"collection":[{"href":"https:\/\/hervecohen.com\/index.php?rest_route=\/wp\/v2\/pages"}],"about":[{"href":"https:\/\/hervecohen.com\/index.php?rest_route=\/wp\/v2\/types\/page"}],"author":[{"embeddable":true,"href":"https:\/\/hervecohen.com\/index.php?rest_route=\/wp\/v2\/users\/1"}],"replies":[{"embeddable":true,"href":"https:\/\/hervecohen.com\/index.php?rest_route=%2Fwp%2Fv2%2Fcomments&post=224"}],"version-history":[{"count":6,"href":"https:\/\/hervecohen.com\/index.php?rest_route=\/wp\/v2\/pages\/224\/revisions"}],"predecessor-version":[{"id":325,"href":"https:\/\/hervecohen.com\/index.php?rest_route=\/wp\/v2\/pages\/224\/revisions\/325"}],"wp:attachment":[{"href":"https:\/\/hervecohen.com\/index.php?rest_route=%2Fwp%2Fv2%2Fmedia&parent=224"}],"curies":[{"name":"wp","href":"https:\/\/api.w.org\/{rel}","templated":true}]}}