{"id":106,"date":"2025-11-28T14:15:00","date_gmt":"2025-11-28T14:15:00","guid":{"rendered":"https:\/\/hervecohen.com\/?page_id=106"},"modified":"2025-12-02T19:57:55","modified_gmt":"2025-12-02T19:57:55","slug":"video-installations","status":"publish","type":"page","link":"https:\/\/hervecohen.com\/?page_id=106","title":{"rendered":"Installations"},"content":{"rendered":"\n<div class=\"wp-block-columns is-layout-flex wp-container-core-columns-is-layout-28f84493 wp-block-columns-is-layout-flex\">\n<div class=\"wp-block-column is-layout-flow wp-block-column-is-layout-flow\" style=\"flex-basis:33.33%\">\n<p><\/p>\n<\/div>\n\n\n\n<div class=\"wp-block-column is-layout-flow wp-block-column-is-layout-flow\" style=\"flex-basis:66.66%\"><\/div>\n<\/div>\n\n\n\n<hr class=\"wp-block-separator has-alpha-channel-opacity\"\/>\n\n\n\n<p class=\"has-primary-color has-text-color has-link-color has-small-font-size wp-elements-5fc565e9dcbf9e7e0d946ab41fa5ab85\"><strong>&#8220;Patrimoines M\u00e9diterran\u00e9ens&#8221; <\/strong>Installation Vid\u00e9o Exposition semi-permamente <strong>&#8220;M\u00e9diterran\u00e9es&#8221;<\/strong> visible actuellement au <strong>Mucem<\/strong>, Marseille.<\/p>\n\n\n\n<p class=\"has-primary-color has-text-color has-link-color has-small-font-size wp-elements-863dcbe6ba97f0d7de1aa925a91c8f9a\"><em>The latest installation,\u00a0<strong>Mediterranean Heritage<\/strong>, is currently on view at the <strong>MUCEM<\/strong> &#8211;<\/em><em> Semi-permanent exhibition <strong>\u201cM\u00e9diterran\u00e9es\u201d Mucem<\/strong>, Marseille<\/em><\/p>\n\n\n\n<figure class=\"wp-block-image aligncenter size-large is-resized\"><img loading=\"lazy\" decoding=\"async\" width=\"1024\" height=\"709\" src=\"https:\/\/hervecohen.com\/wp-content\/uploads\/2025\/12\/IMG_5082-1-1024x709.jpeg\" alt=\"\" class=\"wp-image-262\" style=\"width:430px;height:auto\" srcset=\"https:\/\/hervecohen.com\/wp-content\/uploads\/2025\/12\/IMG_5082-1-1024x709.jpeg 1024w, https:\/\/hervecohen.com\/wp-content\/uploads\/2025\/12\/IMG_5082-1-300x208.jpeg 300w, https:\/\/hervecohen.com\/wp-content\/uploads\/2025\/12\/IMG_5082-1-768x532.jpeg 768w, https:\/\/hervecohen.com\/wp-content\/uploads\/2025\/12\/IMG_5082-1-1536x1064.jpeg 1536w, https:\/\/hervecohen.com\/wp-content\/uploads\/2025\/12\/IMG_5082-1-2048x1418.jpeg 2048w\" sizes=\"auto, (max-width: 1024px) 100vw, 1024px\" \/><\/figure>\n\n\n\n<hr class=\"wp-block-separator has-alpha-channel-opacity\"\/>\n\n\n\n<p class=\"has-primary-color has-text-color has-link-color has-small-font-size wp-elements-f29c3ee24f8991eef2f0576ba411fdc1\"><strong>Life Underground <\/strong>a fait l&#8217;objet de plusieurs installations : au <strong>MUCEM<\/strong>, pendant le festival <strong>Doc Edge<\/strong> (Wellington, Nouvelle Z\u00e9lande), au <strong>National Museum of Singapore<\/strong>, au festival <strong>South by Southwest<\/strong> (Austin, Texas, USA), \u00e0 <strong>Union Station<\/strong>, Los Angeles.<\/p>\n\n\n\n<p class=\"has-primary-color has-text-color has-link-color has-small-font-size wp-elements-c961d4334d1c91895a23189d88aaf8d9\"><em><strong>Life Underground<\/strong> has been presented in multiple installations: at the MUCEM, at the Doc Edge Festival (Wellington, New Zealand), at the National Museum of Singapore, at the South by Southwest Festival (Austin, Texas, USA), and at Union Station in Los Angeles.<\/em><\/p>\n\n\n\n<div class=\"wp-block-columns is-layout-flex wp-container-core-columns-is-layout-28f84493 wp-block-columns-is-layout-flex\">\n<div class=\"wp-block-column is-layout-flow wp-block-column-is-layout-flow\" style=\"flex-basis:66.66%\">\n<figure class=\"wp-block-embed is-type-video is-provider-vimeo wp-block-embed-vimeo wp-embed-aspect-16-9 wp-has-aspect-ratio\"><div class=\"wp-block-embed__wrapper\">\n<iframe loading=\"lazy\" title=\"Excerpts of Life Underground installation at the National Museum of Singapore\" src=\"https:\/\/player.vimeo.com\/video\/380085553?dnt=1&amp;app_id=122963\" width=\"500\" height=\"281\" frameborder=\"0\" allow=\"autoplay; fullscreen; picture-in-picture; clipboard-write; encrypted-media; web-share\" referrerpolicy=\"strict-origin-when-cross-origin\"><\/iframe>\n<\/div><\/figure>\n<\/div>\n\n\n\n<div class=\"wp-block-column is-layout-flow wp-block-column-is-layout-flow\" style=\"flex-basis:33.33%\">\n<p class=\"has-primary-color has-text-color has-link-color has-small-font-size wp-elements-95baa8024bab1e08326197e01b9ad00c\"><strong>Life Underground<\/strong> &#8211; Installation Vid\u00e9o au <strong>National Museum of Singapore<\/strong>.<\/p>\n<\/div>\n<\/div>\n\n\n\n<div class=\"wp-block-columns is-layout-flex wp-container-core-columns-is-layout-28f84493 wp-block-columns-is-layout-flex\">\n<div class=\"wp-block-column is-layout-flow wp-block-column-is-layout-flow\" style=\"flex-basis:33.33%\">\n<p class=\"has-primary-color has-text-color has-link-color has-small-font-size wp-elements-0f268700e9afe6128f4b375dc34ee355\"><strong>Life Underground<\/strong> au Festival <strong>South by Southwest<\/strong> (Austin, Tx, USA)<\/p>\n<\/div>\n\n\n\n<div class=\"wp-block-column is-layout-flow wp-block-column-is-layout-flow\" style=\"flex-basis:66.66%\">\n<figure class=\"wp-block-embed is-type-video is-provider-vimeo wp-block-embed-vimeo wp-embed-aspect-16-9 wp-has-aspect-ratio\"><div class=\"wp-block-embed__wrapper\">\n<iframe loading=\"lazy\" title=\"Life Underground at SXSW\" src=\"https:\/\/player.vimeo.com\/video\/261748378?dnt=1&amp;app_id=122963\" width=\"500\" height=\"281\" frameborder=\"0\" allow=\"autoplay; fullscreen; picture-in-picture; clipboard-write; encrypted-media; web-share\" referrerpolicy=\"strict-origin-when-cross-origin\"><\/iframe>\n<\/div><\/figure>\n<\/div>\n<\/div>\n\n\n\n<div class=\"wp-block-columns is-layout-flex wp-container-core-columns-is-layout-28f84493 wp-block-columns-is-layout-flex\">\n<div class=\"wp-block-column is-layout-flow wp-block-column-is-layout-flow\" style=\"flex-basis:66.66%\">\n<figure class=\"wp-block-embed is-type-video is-provider-vimeo wp-block-embed-vimeo wp-embed-aspect-16-9 wp-has-aspect-ratio\"><div class=\"wp-block-embed__wrapper\">\n<iframe loading=\"lazy\" title=\"Life Underground Installation in the LA Metro\" src=\"https:\/\/player.vimeo.com\/video\/329712965?dnt=1&amp;app_id=122963\" width=\"500\" height=\"281\" frameborder=\"0\" allow=\"autoplay; fullscreen; picture-in-picture; clipboard-write; encrypted-media; web-share\" referrerpolicy=\"strict-origin-when-cross-origin\"><\/iframe>\n<\/div><\/figure>\n<\/div>\n\n\n\n<div class=\"wp-block-column is-layout-flow wp-block-column-is-layout-flow\" style=\"flex-basis:33.33%\">\n<p class=\"has-primary-color has-text-color has-link-color has-small-font-size wp-elements-bb1ff89a9efe41d58d4fbff6209464d0\"><strong>Life Underground<\/strong> installation Union Station &#8211; Los Angeles<\/p>\n<\/div>\n<\/div>\n","protected":false},"excerpt":{"rendered":"<p>&#8220;Patrimoines M\u00e9diterran\u00e9ens&#8221; Installation Vid\u00e9o Exposition semi-permamente &#8220;M\u00e9diterran\u00e9es&#8221; visible actuellement au Mucem, Marseille. The latest installation,\u00a0Mediterranean Heritage, is currently on view at the MUCEM &#8211; Semi-permanent exhibition \u201cM\u00e9diterran\u00e9es\u201d Mucem, Marseille Life Underground a fait l&#8217;objet de plusieurs installations : au MUCEM, pendant le festival Doc Edge (Wellington, Nouvelle Z\u00e9lande), au National Museum of Singapore, au festival [&hellip;]<\/p>\n","protected":false},"author":1,"featured_media":0,"parent":0,"menu_order":0,"comment_status":"closed","ping_status":"closed","template":"","meta":{"footnotes":""},"class_list":["post-106","page","type-page","status-publish","hentry"],"_links":{"self":[{"href":"https:\/\/hervecohen.com\/index.php?rest_route=\/wp\/v2\/pages\/106","targetHints":{"allow":["GET"]}}],"collection":[{"href":"https:\/\/hervecohen.com\/index.php?rest_route=\/wp\/v2\/pages"}],"about":[{"href":"https:\/\/hervecohen.com\/index.php?rest_route=\/wp\/v2\/types\/page"}],"author":[{"embeddable":true,"href":"https:\/\/hervecohen.com\/index.php?rest_route=\/wp\/v2\/users\/1"}],"replies":[{"embeddable":true,"href":"https:\/\/hervecohen.com\/index.php?rest_route=%2Fwp%2Fv2%2Fcomments&post=106"}],"version-history":[{"count":7,"href":"https:\/\/hervecohen.com\/index.php?rest_route=\/wp\/v2\/pages\/106\/revisions"}],"predecessor-version":[{"id":279,"href":"https:\/\/hervecohen.com\/index.php?rest_route=\/wp\/v2\/pages\/106\/revisions\/279"}],"wp:attachment":[{"href":"https:\/\/hervecohen.com\/index.php?rest_route=%2Fwp%2Fv2%2Fmedia&parent=106"}],"curies":[{"name":"wp","href":"https:\/\/api.w.org\/{rel}","templated":true}]}}